{"id":1645,"date":"2025-05-30T03:09:56","date_gmt":"2025-05-30T08:09:56","guid":{"rendered":"https:\/\/lesanzalf.com\/web\/?page_id=1645"},"modified":"2025-06-04T12:12:41","modified_gmt":"2025-06-04T17:12:41","slug":"postres","status":"publish","type":"page","link":"https:\/\/lesanzalf.com\/web\/postres\/","title":{"rendered":"Postres"},"content":{"rendered":"\t\t<div data-elementor-type=\"wp-page\" data-elementor-id=\"1645\" class=\"elementor elementor-1645\">\n\t\t\t\t<div class=\"elementor-element elementor-element-c546170 e-flex e-con-boxed wpr-particle-no wpr-jarallax-no wpr-parallax-no wpr-sticky-section-no e-con e-parent\" data-id=\"c546170\" data-element_type=\"container\" data-e-type=\"container\" data-settings=\"{&quot;grandrestaurant_ext_is_background_parallax&quot;:&quot;false&quot;,&quot;grandrestaurant_ext_is_background_backdrop&quot;:&quot;false&quot;,&quot;grandrestaurant_ext_is_background_on_scroll&quot;:&quot;false&quot;,&quot;grandrestaurant_ext_link_reservation&quot;:&quot;false&quot;,&quot;grandrestaurant_ext_link_sidemenu&quot;:&quot;false&quot;,&quot;grandrestaurant_ext_link_fullmenu&quot;:&quot;false&quot;,&quot;grandrestaurant_ext_link_closed_fullmenu&quot;:&quot;false&quot;,&quot;grandrestaurant_ext_is_scrollme&quot;:&quot;false&quot;,&quot;grandrestaurant_ext_is_smoove&quot;:&quot;false&quot;,&quot;grandrestaurant_ext_is_parallax_mouse&quot;:&quot;false&quot;,&quot;grandrestaurant_ext_is_infinite&quot;:&quot;false&quot;,&quot;grandrestaurant_ext_is_fadeout_animation&quot;:&quot;false&quot;,&quot;grandrestaurant_ext_mobile_static&quot;:&quot;false&quot;}\">\n\t\t\t\t\t<div class=\"e-con-inner\">\n\t\t<div class=\"elementor-element elementor-element-dec57eb e-con-full e-flex wpr-particle-no wpr-jarallax-no wpr-parallax-no wpr-sticky-section-no e-con e-child\" data-id=\"dec57eb\" data-element_type=\"container\" data-e-type=\"container\" data-settings=\"{&quot;grandrestaurant_ext_is_background_parallax&quot;:&quot;false&quot;,&quot;grandrestaurant_ext_is_background_backdrop&quot;:&quot;false&quot;,&quot;grandrestaurant_ext_is_background_on_scroll&quot;:&quot;false&quot;,&quot;grandrestaurant_ext_link_reservation&quot;:&quot;false&quot;,&quot;grandrestaurant_ext_link_sidemenu&quot;:&quot;false&quot;,&quot;grandrestaurant_ext_link_fullmenu&quot;:&quot;false&quot;,&quot;grandrestaurant_ext_link_closed_fullmenu&quot;:&quot;false&quot;,&quot;grandrestaurant_ext_is_scrollme&quot;:&quot;false&quot;,&quot;grandrestaurant_ext_is_smoove&quot;:&quot;false&quot;,&quot;grandrestaurant_ext_is_parallax_mouse&quot;:&quot;false&quot;,&quot;grandrestaurant_ext_is_infinite&quot;:&quot;false&quot;,&quot;grandrestaurant_ext_is_fadeout_animation&quot;:&quot;false&quot;,&quot;grandrestaurant_ext_mobile_static&quot;:&quot;false&quot;}\">\n\t\t\t\t<div class=\"elementor-element elementor-element-3a07970 elementor-widget elementor-widget-grandrestaurant-woocommerce-grid\" data-id=\"3a07970\" data-element_type=\"widget\" data-e-type=\"widget\" data-settings=\"{&quot;grandrestaurant_ext_link_reservation&quot;:&quot;false&quot;,&quot;grandrestaurant_ext_link_sidemenu&quot;:&quot;false&quot;,&quot;grandrestaurant_ext_link_fullmenu&quot;:&quot;false&quot;,&quot;grandrestaurant_ext_link_closed_fullmenu&quot;:&quot;false&quot;,&quot;grandrestaurant_ext_is_scrollme&quot;:&quot;false&quot;,&quot;grandrestaurant_ext_is_smoove&quot;:&quot;false&quot;,&quot;grandrestaurant_ext_is_parallax_mouse&quot;:&quot;false&quot;,&quot;grandrestaurant_ext_is_infinite&quot;:&quot;false&quot;,&quot;grandrestaurant_ext_is_fadeout_animation&quot;:&quot;false&quot;,&quot;grandrestaurant_ext_mobile_static&quot;:&quot;false&quot;}\" data-widget_type=\"grandrestaurant-woocommerce-grid.default\">\n\t\t\t\t<div class=\"elementor-widget-container\">\n\t\t\t\t\t<div class=\"woocommerce-grid-container\">\n<div class=\"woocommerce columns-3 \"><ul class=\"products columns-3\">\n<li class=\"product type-product post-1834 status-publish first instock product_cat-postres has-post-thumbnail shipping-taxable purchasable product-type-simple\">\n\t<a href=\"https:\/\/lesanzalf.com\/web\/product\/alfreso-con-crema\/\" class=\"woocommerce-LoopProduct-link woocommerce-loop-product__link\"><img fetchpriority=\"high\" decoding=\"async\" width=\"300\" height=\"300\" src=\"https:\/\/lesanzalf.com\/web\/wp-content\/uploads\/2025\/06\/Alfreso-con-crema-300x300.png\" class=\"attachment-woocommerce_thumbnail size-woocommerce_thumbnail\" alt=\"Alfreso con crema\" \/><h2 class=\"woocommerce-loop-product__title\">Alfreso con crema<\/h2>\n\t<span class=\"price\"><span class=\"woocommerce-Price-amount amount\"><bdi><span class=\"woocommerce-Price-currencySymbol\">&#36;<\/span>4,00<\/bdi><\/span><\/span>\n<\/a><a href=\"\/web\/wp-json\/wp\/v2\/pages\/1645?add-to-cart=1834\" aria-describedby=\"woocommerce_loop_add_to_cart_link_describedby_1834\" data-quantity=\"1\" class=\"button product_type_simple add_to_cart_button ajax_add_to_cart\" data-product_id=\"1834\" data-product_sku=\"\" aria-label=\"A\u00f1adir al carrito: &ldquo;Alfreso con crema&rdquo;\" rel=\"nofollow\" data-success_message=\"\u00abAlfreso con crema\u00bb se ha a\u00f1adido a tu carrito\" role=\"button\">A\u00f1adir al carrito<\/a>\t<span id=\"woocommerce_loop_add_to_cart_link_describedby_1834\" class=\"screen-reader-text\">\n\t\t\t<\/span>\n<\/li>\n<li class=\"product type-product post-1836 status-publish instock product_cat-postres has-post-thumbnail shipping-taxable purchasable product-type-simple\">\n\t<a href=\"https:\/\/lesanzalf.com\/web\/product\/creeper-de-dulce\/\" class=\"woocommerce-LoopProduct-link woocommerce-loop-product__link\"><img decoding=\"async\" width=\"300\" height=\"300\" src=\"https:\/\/lesanzalf.com\/web\/wp-content\/uploads\/2025\/06\/Creeper-de-dulce-300x300.png\" class=\"attachment-woocommerce_thumbnail size-woocommerce_thumbnail\" alt=\"Creeper de dulce\" \/><h2 class=\"woocommerce-loop-product__title\">Creeper de dulce<\/h2>\n\t<span class=\"price\"><span class=\"woocommerce-Price-amount amount\"><bdi><span class=\"woocommerce-Price-currencySymbol\">&#36;<\/span>5,85<\/bdi><\/span><\/span>\n<\/a><a href=\"\/web\/wp-json\/wp\/v2\/pages\/1645?add-to-cart=1836\" aria-describedby=\"woocommerce_loop_add_to_cart_link_describedby_1836\" data-quantity=\"1\" class=\"button product_type_simple add_to_cart_button ajax_add_to_cart\" data-product_id=\"1836\" data-product_sku=\"\" aria-label=\"A\u00f1adir al carrito: &ldquo;Creeper de dulce&rdquo;\" rel=\"nofollow\" data-success_message=\"\u00abCreeper de dulce\u00bb se ha a\u00f1adido a tu carrito\" role=\"button\">A\u00f1adir al carrito<\/a>\t<span id=\"woocommerce_loop_add_to_cart_link_describedby_1836\" class=\"screen-reader-text\">\n\t\t\t<\/span>\n<\/li>\n<li class=\"product type-product post-1824 status-publish last instock product_cat-postres has-post-thumbnail shipping-taxable purchasable product-type-simple\">\n\t<a href=\"https:\/\/lesanzalf.com\/web\/product\/pie-alfreso\/\" class=\"woocommerce-LoopProduct-link woocommerce-loop-product__link\"><img decoding=\"async\" width=\"300\" height=\"300\" src=\"https:\/\/lesanzalf.com\/web\/wp-content\/uploads\/2025\/06\/pie-alfreso-300x300.png\" class=\"attachment-woocommerce_thumbnail size-woocommerce_thumbnail\" alt=\"Pie Alfreso\" \/><h2 class=\"woocommerce-loop-product__title\">Pie Alfreso<\/h2>\n\t<span class=\"price\"><span class=\"woocommerce-Price-amount amount\"><bdi><span class=\"woocommerce-Price-currencySymbol\">&#36;<\/span>4,00<\/bdi><\/span><\/span>\n<\/a><a href=\"\/web\/wp-json\/wp\/v2\/pages\/1645?add-to-cart=1824\" aria-describedby=\"woocommerce_loop_add_to_cart_link_describedby_1824\" data-quantity=\"1\" class=\"button product_type_simple add_to_cart_button ajax_add_to_cart\" data-product_id=\"1824\" data-product_sku=\"\" aria-label=\"A\u00f1adir al carrito: &ldquo;Pie Alfreso&rdquo;\" rel=\"nofollow\" data-success_message=\"\u00abPie Alfreso\u00bb se ha a\u00f1adido a tu carrito\" role=\"button\">A\u00f1adir al carrito<\/a>\t<span id=\"woocommerce_loop_add_to_cart_link_describedby_1824\" class=\"screen-reader-text\">\n\t\t\t<\/span>\n<\/li>\n<li class=\"product type-product post-1832 status-publish first instock product_cat-postres has-post-thumbnail shipping-taxable purchasable product-type-simple\">\n\t<a href=\"https:\/\/lesanzalf.com\/web\/product\/tres-leches-alfreso\/\" class=\"woocommerce-LoopProduct-link woocommerce-loop-product__link\"><img loading=\"lazy\" decoding=\"async\" width=\"300\" height=\"300\" src=\"https:\/\/lesanzalf.com\/web\/wp-content\/uploads\/2025\/06\/Tres-Leches-Alfreso-300x300.png\" class=\"attachment-woocommerce_thumbnail size-woocommerce_thumbnail\" alt=\"Tres Leches Alfreso\" \/><h2 class=\"woocommerce-loop-product__title\">Tres Leches Alfreso<\/h2>\n\t<span class=\"price\"><span class=\"woocommerce-Price-amount amount\"><bdi><span class=\"woocommerce-Price-currencySymbol\">&#36;<\/span>4,00<\/bdi><\/span><\/span>\n<\/a><a href=\"\/web\/wp-json\/wp\/v2\/pages\/1645?add-to-cart=1832\" aria-describedby=\"woocommerce_loop_add_to_cart_link_describedby_1832\" data-quantity=\"1\" class=\"button product_type_simple add_to_cart_button ajax_add_to_cart\" data-product_id=\"1832\" data-product_sku=\"\" aria-label=\"A\u00f1adir al carrito: &ldquo;Tres Leches Alfreso&rdquo;\" rel=\"nofollow\" data-success_message=\"\u00abTres Leches Alfreso\u00bb se ha a\u00f1adido a tu carrito\" role=\"button\">A\u00f1adir al carrito<\/a>\t<span id=\"woocommerce_loop_add_to_cart_link_describedby_1832\" class=\"screen-reader-text\">\n\t\t\t<\/span>\n<\/li>\n<\/ul>\n<\/div><\/div>\t\t\t\t<\/div>\n\t\t\t\t<\/div>\n\t\t\t\t<\/div>\n\t\t\t\t\t<\/div>\n\t\t\t\t<\/div>\n\t\t\t\t<\/div>\n\t\t","protected":false},"excerpt":{"rendered":"<p>Alfreso con crema &#36;4,00 A\u00f1adir al carrito Creeper de dulce &#36;3,00 A\u00f1adir al carrito Pie Alfreso &#36;4,00 A\u00f1adir al carrito Tres Leches Alfreso &#36;4,00 A\u00f1adir al carrito<\/p>\n","protected":false},"author":1,"featured_media":0,"parent":0,"menu_order":0,"comment_status":"closed","ping_status":"closed","template":"","meta":{"_monsterinsights_skip_tracking":false,"_monsterinsights_sitenote_active":false,"_monsterinsights_sitenote_note":"","_monsterinsights_sitenote_category":0,"_joinchat":[],"footnotes":""},"class_list":["post-1645","page","type-page","status-publish","hentry"],"yoast_head":"<!-- This site is optimized with the Yoast SEO plugin v27.0 - https:\/\/yoast.com\/product\/yoast-seo-wordpress\/ -->\n<title>Postres - Le Sanz Alf - Bar Restaurante<\/title>\n<meta name=\"robots\" content=\"index, follow, max-snippet:-1, max-image-preview:large, max-video-preview:-1\" \/>\n<link rel=\"canonical\" href=\"https:\/\/lesanzalf.com\/web\/postres\/\" \/>\n<meta property=\"og:locale\" content=\"es_ES\" \/>\n<meta property=\"og:type\" content=\"article\" \/>\n<meta property=\"og:title\" content=\"Postres - Le Sanz Alf - Bar Restaurante\" \/>\n<meta property=\"og:description\" content=\"Alfreso con crema &#036;4,00 A\u00f1adir al carrito Creeper de dulce &#036;3,00 A\u00f1adir al carrito Pie Alfreso &#036;4,00 A\u00f1adir al carrito Tres Leches Alfreso &#036;4,00 A\u00f1adir al carrito\" \/>\n<meta property=\"og:url\" content=\"https:\/\/lesanzalf.com\/web\/postres\/\" \/>\n<meta property=\"og:site_name\" content=\"Le Sanz Alf - Bar Restaurante\" \/>\n<meta property=\"article:modified_time\" content=\"2025-06-04T17:12:41+00:00\" \/>\n<meta property=\"og:image\" content=\"https:\/\/lesanzalf.com\/web\/wp-content\/uploads\/2025\/06\/Alfreso-con-crema-300x300.png\" \/>\n<meta name=\"twitter:card\" content=\"summary_large_image\" \/>\n<meta name=\"twitter:label1\" content=\"Tiempo de lectura\" \/>\n\t<meta name=\"twitter:data1\" content=\"1 minuto\" \/>\n<script type=\"application\/ld+json\" class=\"yoast-schema-graph\">{\"@context\":\"https:\/\/schema.org\",\"@graph\":[{\"@type\":\"WebPage\",\"@id\":\"https:\/\/lesanzalf.com\/web\/postres\/\",\"url\":\"https:\/\/lesanzalf.com\/web\/postres\/\",\"name\":\"Postres - Le Sanz Alf - Bar Restaurante\",\"isPartOf\":{\"@id\":\"https:\/\/lesanzalf.com\/web\/#website\"},\"primaryImageOfPage\":{\"@id\":\"https:\/\/lesanzalf.com\/web\/postres\/#primaryimage\"},\"image\":{\"@id\":\"https:\/\/lesanzalf.com\/web\/postres\/#primaryimage\"},\"thumbnailUrl\":\"https:\/\/lesanzalf.com\/web\/wp-content\/uploads\/2025\/06\/Alfreso-con-crema-300x300.png\",\"datePublished\":\"2025-05-30T08:09:56+00:00\",\"dateModified\":\"2025-06-04T17:12:41+00:00\",\"breadcrumb\":{\"@id\":\"https:\/\/lesanzalf.com\/web\/postres\/#breadcrumb\"},\"inLanguage\":\"es\",\"potentialAction\":[{\"@type\":\"ReadAction\",\"target\":[\"https:\/\/lesanzalf.com\/web\/postres\/\"]}]},{\"@type\":\"ImageObject\",\"inLanguage\":\"es\",\"@id\":\"https:\/\/lesanzalf.com\/web\/postres\/#primaryimage\",\"url\":\"https:\/\/lesanzalf.com\/web\/wp-content\/uploads\/2025\/06\/Alfreso-con-crema.png\",\"contentUrl\":\"https:\/\/lesanzalf.com\/web\/wp-content\/uploads\/2025\/06\/Alfreso-con-crema.png\",\"width\":610,\"height\":610},{\"@type\":\"BreadcrumbList\",\"@id\":\"https:\/\/lesanzalf.com\/web\/postres\/#breadcrumb\",\"itemListElement\":[{\"@type\":\"ListItem\",\"position\":1,\"name\":\"Portada\",\"item\":\"https:\/\/lesanzalf.com\/web\/\"},{\"@type\":\"ListItem\",\"position\":2,\"name\":\"Postres\"}]},{\"@type\":\"WebSite\",\"@id\":\"https:\/\/lesanzalf.com\/web\/#website\",\"url\":\"https:\/\/lesanzalf.com\/web\/\",\"name\":\"Le Sanz Alf - Bar Restaurante\",\"description\":\"\",\"potentialAction\":[{\"@type\":\"SearchAction\",\"target\":{\"@type\":\"EntryPoint\",\"urlTemplate\":\"https:\/\/lesanzalf.com\/web\/?s={search_term_string}\"},\"query-input\":{\"@type\":\"PropertyValueSpecification\",\"valueRequired\":true,\"valueName\":\"search_term_string\"}}],\"inLanguage\":\"es\"}]}<\/script>\n<!-- \/ Yoast SEO plugin. -->","yoast_head_json":{"title":"Postres - Le Sanz Alf - Bar Restaurante","robots":{"index":"index","follow":"follow","max-snippet":"max-snippet:-1","max-image-preview":"max-image-preview:large","max-video-preview":"max-video-preview:-1"},"canonical":"https:\/\/lesanzalf.com\/web\/postres\/","og_locale":"es_ES","og_type":"article","og_title":"Postres - Le Sanz Alf - Bar Restaurante","og_description":"Alfreso con crema &#36;4,00 A\u00f1adir al carrito Creeper de dulce &#36;3,00 A\u00f1adir al carrito Pie Alfreso &#36;4,00 A\u00f1adir al carrito Tres Leches Alfreso &#36;4,00 A\u00f1adir al carrito","og_url":"https:\/\/lesanzalf.com\/web\/postres\/","og_site_name":"Le Sanz Alf - Bar Restaurante","article_modified_time":"2025-06-04T17:12:41+00:00","og_image":[{"url":"https:\/\/lesanzalf.com\/web\/wp-content\/uploads\/2025\/06\/Alfreso-con-crema-300x300.png","type":"","width":"","height":""}],"twitter_card":"summary_large_image","twitter_misc":{"Tiempo de lectura":"1 minuto"},"schema":{"@context":"https:\/\/schema.org","@graph":[{"@type":"WebPage","@id":"https:\/\/lesanzalf.com\/web\/postres\/","url":"https:\/\/lesanzalf.com\/web\/postres\/","name":"Postres - Le Sanz Alf - Bar Restaurante","isPartOf":{"@id":"https:\/\/lesanzalf.com\/web\/#website"},"primaryImageOfPage":{"@id":"https:\/\/lesanzalf.com\/web\/postres\/#primaryimage"},"image":{"@id":"https:\/\/lesanzalf.com\/web\/postres\/#primaryimage"},"thumbnailUrl":"https:\/\/lesanzalf.com\/web\/wp-content\/uploads\/2025\/06\/Alfreso-con-crema-300x300.png","datePublished":"2025-05-30T08:09:56+00:00","dateModified":"2025-06-04T17:12:41+00:00","breadcrumb":{"@id":"https:\/\/lesanzalf.com\/web\/postres\/#breadcrumb"},"inLanguage":"es","potentialAction":[{"@type":"ReadAction","target":["https:\/\/lesanzalf.com\/web\/postres\/"]}]},{"@type":"ImageObject","inLanguage":"es","@id":"https:\/\/lesanzalf.com\/web\/postres\/#primaryimage","url":"https:\/\/lesanzalf.com\/web\/wp-content\/uploads\/2025\/06\/Alfreso-con-crema.png","contentUrl":"https:\/\/lesanzalf.com\/web\/wp-content\/uploads\/2025\/06\/Alfreso-con-crema.png","width":610,"height":610},{"@type":"BreadcrumbList","@id":"https:\/\/lesanzalf.com\/web\/postres\/#breadcrumb","itemListElement":[{"@type":"ListItem","position":1,"name":"Portada","item":"https:\/\/lesanzalf.com\/web\/"},{"@type":"ListItem","position":2,"name":"Postres"}]},{"@type":"WebSite","@id":"https:\/\/lesanzalf.com\/web\/#website","url":"https:\/\/lesanzalf.com\/web\/","name":"Le Sanz Alf - Bar Restaurante","description":"","potentialAction":[{"@type":"SearchAction","target":{"@type":"EntryPoint","urlTemplate":"https:\/\/lesanzalf.com\/web\/?s={search_term_string}"},"query-input":{"@type":"PropertyValueSpecification","valueRequired":true,"valueName":"search_term_string"}}],"inLanguage":"es"}]}},"_links":{"self":[{"href":"https:\/\/lesanzalf.com\/web\/wp-json\/wp\/v2\/pages\/1645","targetHints":{"allow":["GET"]}}],"collection":[{"href":"https:\/\/lesanzalf.com\/web\/wp-json\/wp\/v2\/pages"}],"about":[{"href":"https:\/\/lesanzalf.com\/web\/wp-json\/wp\/v2\/types\/page"}],"author":[{"embeddable":true,"href":"https:\/\/lesanzalf.com\/web\/wp-json\/wp\/v2\/users\/1"}],"replies":[{"embeddable":true,"href":"https:\/\/lesanzalf.com\/web\/wp-json\/wp\/v2\/comments?post=1645"}],"version-history":[{"count":46,"href":"https:\/\/lesanzalf.com\/web\/wp-json\/wp\/v2\/pages\/1645\/revisions"}],"predecessor-version":[{"id":1983,"href":"https:\/\/lesanzalf.com\/web\/wp-json\/wp\/v2\/pages\/1645\/revisions\/1983"}],"wp:attachment":[{"href":"https:\/\/lesanzalf.com\/web\/wp-json\/wp\/v2\/media?parent=1645"}],"curies":[{"name":"wp","href":"https:\/\/api.w.org\/{rel}","templated":true}]}}