{"id":1659,"date":"2025-05-30T03:28:41","date_gmt":"2025-05-30T08:28:41","guid":{"rendered":"https:\/\/lesanzalf.com\/web\/?page_id=1659"},"modified":"2025-06-03T16:40:22","modified_gmt":"2025-06-03T21:40:22","slug":"entradas","status":"publish","type":"page","link":"https:\/\/lesanzalf.com\/web\/entradas\/","title":{"rendered":"Entradas"},"content":{"rendered":"\t\t<div data-elementor-type=\"wp-page\" data-elementor-id=\"1659\" class=\"elementor elementor-1659\">\n\t\t\t\t<div class=\"elementor-element elementor-element-c546170 e-flex e-con-boxed wpr-particle-no wpr-jarallax-no wpr-parallax-no wpr-sticky-section-no e-con e-parent\" data-id=\"c546170\" data-element_type=\"container\" data-e-type=\"container\" data-settings=\"{&quot;grandrestaurant_ext_is_background_parallax&quot;:&quot;false&quot;,&quot;grandrestaurant_ext_is_background_backdrop&quot;:&quot;false&quot;,&quot;grandrestaurant_ext_is_background_on_scroll&quot;:&quot;false&quot;,&quot;grandrestaurant_ext_link_reservation&quot;:&quot;false&quot;,&quot;grandrestaurant_ext_link_sidemenu&quot;:&quot;false&quot;,&quot;grandrestaurant_ext_link_fullmenu&quot;:&quot;false&quot;,&quot;grandrestaurant_ext_link_closed_fullmenu&quot;:&quot;false&quot;,&quot;grandrestaurant_ext_is_scrollme&quot;:&quot;false&quot;,&quot;grandrestaurant_ext_is_smoove&quot;:&quot;false&quot;,&quot;grandrestaurant_ext_is_parallax_mouse&quot;:&quot;false&quot;,&quot;grandrestaurant_ext_is_infinite&quot;:&quot;false&quot;,&quot;grandrestaurant_ext_is_fadeout_animation&quot;:&quot;false&quot;,&quot;grandrestaurant_ext_mobile_static&quot;:&quot;false&quot;}\">\n\t\t\t\t\t<div class=\"e-con-inner\">\n\t\t<div class=\"elementor-element elementor-element-dec57eb e-con-full e-flex wpr-particle-no wpr-jarallax-no wpr-parallax-no wpr-sticky-section-no e-con e-child\" data-id=\"dec57eb\" data-element_type=\"container\" data-e-type=\"container\" data-settings=\"{&quot;grandrestaurant_ext_is_background_parallax&quot;:&quot;false&quot;,&quot;grandrestaurant_ext_is_background_backdrop&quot;:&quot;false&quot;,&quot;grandrestaurant_ext_is_background_on_scroll&quot;:&quot;false&quot;,&quot;grandrestaurant_ext_link_reservation&quot;:&quot;false&quot;,&quot;grandrestaurant_ext_link_sidemenu&quot;:&quot;false&quot;,&quot;grandrestaurant_ext_link_fullmenu&quot;:&quot;false&quot;,&quot;grandrestaurant_ext_link_closed_fullmenu&quot;:&quot;false&quot;,&quot;grandrestaurant_ext_is_scrollme&quot;:&quot;false&quot;,&quot;grandrestaurant_ext_is_smoove&quot;:&quot;false&quot;,&quot;grandrestaurant_ext_is_parallax_mouse&quot;:&quot;false&quot;,&quot;grandrestaurant_ext_is_infinite&quot;:&quot;false&quot;,&quot;grandrestaurant_ext_is_fadeout_animation&quot;:&quot;false&quot;,&quot;grandrestaurant_ext_mobile_static&quot;:&quot;false&quot;}\">\n\t\t\t\t<div class=\"elementor-element elementor-element-3a07970 elementor-widget elementor-widget-grandrestaurant-woocommerce-grid\" data-id=\"3a07970\" data-element_type=\"widget\" data-e-type=\"widget\" data-settings=\"{&quot;grandrestaurant_ext_link_reservation&quot;:&quot;false&quot;,&quot;grandrestaurant_ext_link_sidemenu&quot;:&quot;false&quot;,&quot;grandrestaurant_ext_link_fullmenu&quot;:&quot;false&quot;,&quot;grandrestaurant_ext_link_closed_fullmenu&quot;:&quot;false&quot;,&quot;grandrestaurant_ext_is_scrollme&quot;:&quot;false&quot;,&quot;grandrestaurant_ext_is_smoove&quot;:&quot;false&quot;,&quot;grandrestaurant_ext_is_parallax_mouse&quot;:&quot;false&quot;,&quot;grandrestaurant_ext_is_infinite&quot;:&quot;false&quot;,&quot;grandrestaurant_ext_is_fadeout_animation&quot;:&quot;false&quot;,&quot;grandrestaurant_ext_mobile_static&quot;:&quot;false&quot;}\" data-widget_type=\"grandrestaurant-woocommerce-grid.default\">\n\t\t\t\t<div class=\"elementor-widget-container\">\n\t\t\t\t\t<div class=\"woocommerce-grid-container\">\n<div class=\"woocommerce columns-3 \"><ul class=\"products columns-3\">\n<li class=\"product type-product post-1845 status-publish first instock product_cat-entradas product_tag-sopas has-post-thumbnail shipping-taxable purchasable product-type-simple\">\n\t<a href=\"https:\/\/lesanzalf.com\/web\/product\/ceviche-de-pollo\/\" class=\"woocommerce-LoopProduct-link woocommerce-loop-product__link\"><img fetchpriority=\"high\" decoding=\"async\" width=\"300\" height=\"300\" src=\"https:\/\/lesanzalf.com\/web\/wp-content\/uploads\/2025\/06\/ceviche-de-pollo-300x300.png\" class=\"attachment-woocommerce_thumbnail size-woocommerce_thumbnail\" alt=\"Ceviche de pollo\" \/><h2 class=\"woocommerce-loop-product__title\">Ceviche de pollo<\/h2>\n\t<span class=\"price\"><span class=\"woocommerce-Price-amount amount\"><bdi><span class=\"woocommerce-Price-currencySymbol\">&#36;<\/span>5,85<\/bdi><\/span><\/span>\n<\/a><a href=\"\/web\/wp-json\/wp\/v2\/pages\/1659?add-to-cart=1845\" aria-describedby=\"woocommerce_loop_add_to_cart_link_describedby_1845\" data-quantity=\"1\" class=\"button product_type_simple add_to_cart_button ajax_add_to_cart\" data-product_id=\"1845\" data-product_sku=\"\" aria-label=\"A\u00f1adir al carrito: &ldquo;Ceviche de pollo&rdquo;\" rel=\"nofollow\" data-success_message=\"\u00abCeviche de pollo\u00bb se ha a\u00f1adido a tu carrito\" role=\"button\">A\u00f1adir al carrito<\/a>\t<span id=\"woocommerce_loop_add_to_cart_link_describedby_1845\" class=\"screen-reader-text\">\n\t\t\t<\/span>\n<\/li>\n<li class=\"product type-product post-803 status-publish instock product_cat-entradas product_tag-sopas has-post-thumbnail shipping-taxable purchasable product-type-simple\">\n\t<a href=\"https:\/\/lesanzalf.com\/web\/product\/chupe-de-pescado\/\" class=\"woocommerce-LoopProduct-link woocommerce-loop-product__link\"><img decoding=\"async\" width=\"300\" height=\"300\" src=\"https:\/\/lesanzalf.com\/web\/wp-content\/uploads\/2022\/10\/Chupe-de-pescado-300x300.png\" class=\"attachment-woocommerce_thumbnail size-woocommerce_thumbnail\" alt=\"Chup\u00e9 de Pescado\" \/><h2 class=\"woocommerce-loop-product__title\">Chup\u00e9 de Pescado<\/h2>\n\t<span class=\"price\"><span class=\"woocommerce-Price-amount amount\"><bdi><span class=\"woocommerce-Price-currencySymbol\">&#36;<\/span>5,85<\/bdi><\/span><\/span>\n<\/a><a href=\"\/web\/wp-json\/wp\/v2\/pages\/1659?add-to-cart=803\" aria-describedby=\"woocommerce_loop_add_to_cart_link_describedby_803\" data-quantity=\"1\" class=\"button product_type_simple add_to_cart_button ajax_add_to_cart\" data-product_id=\"803\" data-product_sku=\"\" aria-label=\"A\u00f1adir al carrito: &ldquo;Chup\u00e9 de Pescado&rdquo;\" rel=\"nofollow\" data-success_message=\"\u00abChup\u00e9 de Pescado\u00bb se ha a\u00f1adido a tu carrito\" role=\"button\">A\u00f1adir al carrito<\/a>\t<span id=\"woocommerce_loop_add_to_cart_link_describedby_803\" class=\"screen-reader-text\">\n\t\t\t<\/span>\n<\/li>\n<\/ul>\n<\/div><\/div>\t\t\t\t<\/div>\n\t\t\t\t<\/div>\n\t\t\t\t<\/div>\n\t\t\t\t\t<\/div>\n\t\t\t\t<\/div>\n\t\t\t\t<section class=\"elementor-section elementor-top-section elementor-element elementor-element-7980fec7 elementor-section-height-min-height elementor-section-content-middle elementor-section-boxed elementor-section-height-default elementor-section-items-middle wpr-particle-no wpr-jarallax-no wpr-parallax-no wpr-sticky-section-no\" data-id=\"7980fec7\" data-element_type=\"section\" data-e-type=\"section\" data-settings=\"{&quot;background_background&quot;:&quot;classic&quot;,&quot;grandrestaurant_ext_is_background_parallax&quot;:&quot;true&quot;,&quot;grandrestaurant_ext_is_background_parallax_speed&quot;:{&quot;unit&quot;:&quot;px&quot;,&quot;size&quot;:0.8000000000000000444089209850062616169452667236328125,&quot;sizes&quot;:[]}}\">\n\t\t\t\t\t\t\t<div class=\"elementor-background-overlay\"><\/div>\n\t\t\t\t\t\t\t<div class=\"elementor-container elementor-column-gap-default\">\n\t\t\t\t\t<div class=\"elementor-column elementor-col-100 elementor-top-column elementor-element elementor-element-2a8367b\" data-id=\"2a8367b\" data-element_type=\"column\" data-e-type=\"column\" data-settings=\"{&quot;grandrestaurant_ext_is_smoove&quot;:&quot;true&quot;,&quot;grandrestaurant_ext_smoove_disable&quot;:&quot;769&quot;,&quot;grandrestaurant_ext_smoove_duration&quot;:800,&quot;grandrestaurant_ext_smoove_translatex&quot;:{&quot;unit&quot;:&quot;px&quot;,&quot;size&quot;:60,&quot;sizes&quot;:[]},&quot;grandrestaurant_ext_link_reservation&quot;:&quot;false&quot;,&quot;grandrestaurant_ext_link_sidemenu&quot;:&quot;false&quot;,&quot;grandrestaurant_ext_link_fullmenu&quot;:&quot;false&quot;,&quot;grandrestaurant_ext_link_closed_fullmenu&quot;:&quot;false&quot;,&quot;grandrestaurant_ext_is_scrollme&quot;:&quot;false&quot;,&quot;grandrestaurant_ext_smoove_scalex&quot;:{&quot;unit&quot;:&quot;px&quot;,&quot;size&quot;:1,&quot;sizes&quot;:[]},&quot;grandrestaurant_ext_smoove_scaley&quot;:{&quot;unit&quot;:&quot;px&quot;,&quot;size&quot;:1,&quot;sizes&quot;:[]},&quot;grandrestaurant_ext_smoove_rotatex&quot;:{&quot;unit&quot;:&quot;px&quot;,&quot;size&quot;:0,&quot;sizes&quot;:[]},&quot;grandrestaurant_ext_smoove_rotatey&quot;:{&quot;unit&quot;:&quot;px&quot;,&quot;size&quot;:0,&quot;sizes&quot;:[]},&quot;grandrestaurant_ext_smoove_rotatez&quot;:{&quot;unit&quot;:&quot;px&quot;,&quot;size&quot;:0,&quot;sizes&quot;:[]},&quot;grandrestaurant_ext_smoove_translatey&quot;:{&quot;unit&quot;:&quot;px&quot;,&quot;size&quot;:0,&quot;sizes&quot;:[]},&quot;grandrestaurant_ext_smoove_translatez&quot;:{&quot;unit&quot;:&quot;px&quot;,&quot;size&quot;:0,&quot;sizes&quot;:[]},&quot;grandrestaurant_ext_smoove_skewx&quot;:{&quot;unit&quot;:&quot;px&quot;,&quot;size&quot;:0,&quot;sizes&quot;:[]},&quot;grandrestaurant_ext_smoove_skewy&quot;:{&quot;unit&quot;:&quot;px&quot;,&quot;size&quot;:0,&quot;sizes&quot;:[]},&quot;grandrestaurant_ext_smoove_perspective&quot;:{&quot;unit&quot;:&quot;px&quot;,&quot;size&quot;:1000,&quot;sizes&quot;:[]},&quot;grandrestaurant_ext_is_parallax_mouse&quot;:&quot;false&quot;,&quot;grandrestaurant_ext_is_infinite&quot;:&quot;false&quot;,&quot;grandrestaurant_ext_is_fadeout_animation&quot;:&quot;false&quot;,&quot;grandrestaurant_ext_mobile_static&quot;:&quot;false&quot;}\">\n\t\t\t<div class=\"elementor-widget-wrap elementor-element-populated\">\n\t\t\t\t\t\t<div class=\"elementor-element elementor-element-1b2b3d70 elementor-widget__width-auto elementor-hidden-mobile elementor-widget-divider--view-line elementor-widget elementor-widget-divider\" data-id=\"1b2b3d70\" data-element_type=\"widget\" data-e-type=\"widget\" data-settings=\"{&quot;grandrestaurant_ext_link_reservation&quot;:&quot;false&quot;,&quot;grandrestaurant_ext_link_sidemenu&quot;:&quot;false&quot;,&quot;grandrestaurant_ext_link_fullmenu&quot;:&quot;false&quot;,&quot;grandrestaurant_ext_link_closed_fullmenu&quot;:&quot;false&quot;,&quot;grandrestaurant_ext_is_scrollme&quot;:&quot;false&quot;,&quot;grandrestaurant_ext_is_smoove&quot;:&quot;false&quot;,&quot;grandrestaurant_ext_is_parallax_mouse&quot;:&quot;false&quot;,&quot;grandrestaurant_ext_is_infinite&quot;:&quot;false&quot;,&quot;grandrestaurant_ext_is_fadeout_animation&quot;:&quot;false&quot;,&quot;grandrestaurant_ext_mobile_static&quot;:&quot;false&quot;}\" data-widget_type=\"divider.default\">\n\t\t\t\t<div class=\"elementor-widget-container\">\n\t\t\t\t\t\t\t<div class=\"elementor-divider\">\n\t\t\t<span class=\"elementor-divider-separator\">\n\t\t\t\t\t\t<\/span>\n\t\t<\/div>\n\t\t\t\t\t\t<\/div>\n\t\t\t\t<\/div>\n\t\t\t\t<div class=\"elementor-element elementor-element-4ed229a0 elementor-widget__width-auto elementor-widget elementor-widget-heading\" data-id=\"4ed229a0\" data-element_type=\"widget\" data-e-type=\"widget\" data-settings=\"{&quot;grandrestaurant_ext_link_reservation&quot;:&quot;false&quot;,&quot;grandrestaurant_ext_link_sidemenu&quot;:&quot;false&quot;,&quot;grandrestaurant_ext_link_fullmenu&quot;:&quot;false&quot;,&quot;grandrestaurant_ext_link_closed_fullmenu&quot;:&quot;false&quot;,&quot;grandrestaurant_ext_is_scrollme&quot;:&quot;false&quot;,&quot;grandrestaurant_ext_is_smoove&quot;:&quot;false&quot;,&quot;grandrestaurant_ext_is_parallax_mouse&quot;:&quot;false&quot;,&quot;grandrestaurant_ext_is_infinite&quot;:&quot;false&quot;,&quot;grandrestaurant_ext_is_fadeout_animation&quot;:&quot;false&quot;,&quot;grandrestaurant_ext_mobile_static&quot;:&quot;false&quot;}\" data-widget_type=\"heading.default\">\n\t\t\t\t<div class=\"elementor-widget-container\">\n\t\t\t\t\t<h2 class=\"elementor-heading-title elementor-size-default\">Cocina con ingredientes Naturales<\/h2>\t\t\t\t<\/div>\n\t\t\t\t<\/div>\n\t\t\t\t<div class=\"elementor-element elementor-element-7450401a elementor-widget__width-auto elementor-hidden-mobile elementor-widget-divider--view-line elementor-widget elementor-widget-divider\" data-id=\"7450401a\" data-element_type=\"widget\" data-e-type=\"widget\" data-settings=\"{&quot;grandrestaurant_ext_link_reservation&quot;:&quot;false&quot;,&quot;grandrestaurant_ext_link_sidemenu&quot;:&quot;false&quot;,&quot;grandrestaurant_ext_link_fullmenu&quot;:&quot;false&quot;,&quot;grandrestaurant_ext_link_closed_fullmenu&quot;:&quot;false&quot;,&quot;grandrestaurant_ext_is_scrollme&quot;:&quot;false&quot;,&quot;grandrestaurant_ext_is_smoove&quot;:&quot;false&quot;,&quot;grandrestaurant_ext_is_parallax_mouse&quot;:&quot;false&quot;,&quot;grandrestaurant_ext_is_infinite&quot;:&quot;false&quot;,&quot;grandrestaurant_ext_is_fadeout_animation&quot;:&quot;false&quot;,&quot;grandrestaurant_ext_mobile_static&quot;:&quot;false&quot;}\" data-widget_type=\"divider.default\">\n\t\t\t\t<div class=\"elementor-widget-container\">\n\t\t\t\t\t\t\t<div class=\"elementor-divider\">\n\t\t\t<span class=\"elementor-divider-separator\">\n\t\t\t\t\t\t<\/span>\n\t\t<\/div>\n\t\t\t\t\t\t<\/div>\n\t\t\t\t<\/div>\n\t\t\t\t<div class=\"elementor-element elementor-element-fbe102b elementor-widget elementor-widget-image\" data-id=\"fbe102b\" data-element_type=\"widget\" data-e-type=\"widget\" data-settings=\"{&quot;grandrestaurant_ext_link_reservation&quot;:&quot;false&quot;,&quot;grandrestaurant_ext_link_sidemenu&quot;:&quot;false&quot;,&quot;grandrestaurant_ext_link_fullmenu&quot;:&quot;false&quot;,&quot;grandrestaurant_ext_link_closed_fullmenu&quot;:&quot;false&quot;,&quot;grandrestaurant_ext_is_scrollme&quot;:&quot;false&quot;,&quot;grandrestaurant_ext_is_smoove&quot;:&quot;false&quot;,&quot;grandrestaurant_ext_is_parallax_mouse&quot;:&quot;false&quot;,&quot;grandrestaurant_ext_is_infinite&quot;:&quot;false&quot;,&quot;grandrestaurant_ext_is_fadeout_animation&quot;:&quot;false&quot;,&quot;grandrestaurant_ext_mobile_static&quot;:&quot;false&quot;}\" data-widget_type=\"image.default\">\n\t\t\t\t<div class=\"elementor-widget-container\">\n\t\t\t\t\t\t\t\t\t\t\t\t\t\t\t<img decoding=\"async\" width=\"580\" height=\"478\" src=\"https:\/\/lesanzalf.com\/web\/wp-content\/uploads\/2025\/05\/sopa-de-verduras_web.png\" class=\"attachment-full size-full wp-image-1505\" alt=\"\" \/>\t\t\t\t\t\t\t\t\t\t\t\t\t\t\t<\/div>\n\t\t\t\t<\/div>\n\t\t\t\t\t<\/div>\n\t\t<\/div>\n\t\t\t\t\t<\/div>\n\t\t<\/section>\n\t\t\t\t<\/div>\n\t\t","protected":false},"excerpt":{"rendered":"<p>Ceviche de pollo &#36;4,00 A\u00f1adir al carrito Chup\u00e9 de Pescado &#36;4,00 A\u00f1adir al carrito Cocina con ingredientes Naturales<\/p>\n","protected":false},"author":1,"featured_media":0,"parent":0,"menu_order":0,"comment_status":"closed","ping_status":"closed","template":"elementor_header_footer","meta":{"_monsterinsights_skip_tracking":false,"_monsterinsights_sitenote_active":false,"_monsterinsights_sitenote_note":"","_monsterinsights_sitenote_category":0,"_joinchat":[],"footnotes":""},"class_list":["post-1659","page","type-page","status-publish","hentry"],"yoast_head":"<!-- This site is optimized with the Yoast SEO plugin v27.0 - https:\/\/yoast.com\/product\/yoast-seo-wordpress\/ -->\n<title>Entradas - Le Sanz Alf - Bar Restaurante<\/title>\n<meta name=\"robots\" content=\"index, follow, max-snippet:-1, max-image-preview:large, max-video-preview:-1\" \/>\n<link rel=\"canonical\" href=\"https:\/\/lesanzalf.com\/web\/entradas\/\" \/>\n<meta property=\"og:locale\" content=\"es_ES\" \/>\n<meta property=\"og:type\" content=\"article\" \/>\n<meta property=\"og:title\" content=\"Entradas - Le Sanz Alf - Bar Restaurante\" \/>\n<meta property=\"og:description\" content=\"Ceviche de pollo &#036;4,00 A\u00f1adir al carrito Chup\u00e9 de Pescado &#036;4,00 A\u00f1adir al carrito Cocina con ingredientes Naturales\" \/>\n<meta property=\"og:url\" content=\"https:\/\/lesanzalf.com\/web\/entradas\/\" \/>\n<meta property=\"og:site_name\" content=\"Le Sanz Alf - Bar Restaurante\" \/>\n<meta property=\"article:modified_time\" content=\"2025-06-03T21:40:22+00:00\" \/>\n<meta property=\"og:image\" content=\"https:\/\/lesanzalf.com\/web\/wp-content\/uploads\/2025\/06\/ceviche-de-pollo-300x300.png\" \/>\n<meta name=\"twitter:card\" content=\"summary_large_image\" \/>\n<meta name=\"twitter:label1\" content=\"Tiempo de lectura\" \/>\n\t<meta name=\"twitter:data1\" content=\"1 minuto\" \/>\n<script type=\"application\/ld+json\" class=\"yoast-schema-graph\">{\"@context\":\"https:\/\/schema.org\",\"@graph\":[{\"@type\":\"WebPage\",\"@id\":\"https:\/\/lesanzalf.com\/web\/entradas\/\",\"url\":\"https:\/\/lesanzalf.com\/web\/entradas\/\",\"name\":\"Entradas - Le Sanz Alf - Bar Restaurante\",\"isPartOf\":{\"@id\":\"https:\/\/lesanzalf.com\/web\/#website\"},\"primaryImageOfPage\":{\"@id\":\"https:\/\/lesanzalf.com\/web\/entradas\/#primaryimage\"},\"image\":{\"@id\":\"https:\/\/lesanzalf.com\/web\/entradas\/#primaryimage\"},\"thumbnailUrl\":\"https:\/\/lesanzalf.com\/web\/wp-content\/uploads\/2025\/06\/ceviche-de-pollo-300x300.png\",\"datePublished\":\"2025-05-30T08:28:41+00:00\",\"dateModified\":\"2025-06-03T21:40:22+00:00\",\"breadcrumb\":{\"@id\":\"https:\/\/lesanzalf.com\/web\/entradas\/#breadcrumb\"},\"inLanguage\":\"es\",\"potentialAction\":[{\"@type\":\"ReadAction\",\"target\":[\"https:\/\/lesanzalf.com\/web\/entradas\/\"]}]},{\"@type\":\"ImageObject\",\"inLanguage\":\"es\",\"@id\":\"https:\/\/lesanzalf.com\/web\/entradas\/#primaryimage\",\"url\":\"https:\/\/lesanzalf.com\/web\/wp-content\/uploads\/2025\/06\/ceviche-de-pollo.png\",\"contentUrl\":\"https:\/\/lesanzalf.com\/web\/wp-content\/uploads\/2025\/06\/ceviche-de-pollo.png\",\"width\":610,\"height\":610},{\"@type\":\"BreadcrumbList\",\"@id\":\"https:\/\/lesanzalf.com\/web\/entradas\/#breadcrumb\",\"itemListElement\":[{\"@type\":\"ListItem\",\"position\":1,\"name\":\"Portada\",\"item\":\"https:\/\/lesanzalf.com\/web\/\"},{\"@type\":\"ListItem\",\"position\":2,\"name\":\"Entradas\"}]},{\"@type\":\"WebSite\",\"@id\":\"https:\/\/lesanzalf.com\/web\/#website\",\"url\":\"https:\/\/lesanzalf.com\/web\/\",\"name\":\"Le Sanz Alf - Bar Restaurante\",\"description\":\"\",\"potentialAction\":[{\"@type\":\"SearchAction\",\"target\":{\"@type\":\"EntryPoint\",\"urlTemplate\":\"https:\/\/lesanzalf.com\/web\/?s={search_term_string}\"},\"query-input\":{\"@type\":\"PropertyValueSpecification\",\"valueRequired\":true,\"valueName\":\"search_term_string\"}}],\"inLanguage\":\"es\"}]}<\/script>\n<!-- \/ Yoast SEO plugin. -->","yoast_head_json":{"title":"Entradas - Le Sanz Alf - Bar Restaurante","robots":{"index":"index","follow":"follow","max-snippet":"max-snippet:-1","max-image-preview":"max-image-preview:large","max-video-preview":"max-video-preview:-1"},"canonical":"https:\/\/lesanzalf.com\/web\/entradas\/","og_locale":"es_ES","og_type":"article","og_title":"Entradas - Le Sanz Alf - Bar Restaurante","og_description":"Ceviche de pollo &#36;4,00 A\u00f1adir al carrito Chup\u00e9 de Pescado &#36;4,00 A\u00f1adir al carrito Cocina con ingredientes Naturales","og_url":"https:\/\/lesanzalf.com\/web\/entradas\/","og_site_name":"Le Sanz Alf - Bar Restaurante","article_modified_time":"2025-06-03T21:40:22+00:00","og_image":[{"url":"https:\/\/lesanzalf.com\/web\/wp-content\/uploads\/2025\/06\/ceviche-de-pollo-300x300.png","type":"","width":"","height":""}],"twitter_card":"summary_large_image","twitter_misc":{"Tiempo de lectura":"1 minuto"},"schema":{"@context":"https:\/\/schema.org","@graph":[{"@type":"WebPage","@id":"https:\/\/lesanzalf.com\/web\/entradas\/","url":"https:\/\/lesanzalf.com\/web\/entradas\/","name":"Entradas - Le Sanz Alf - Bar Restaurante","isPartOf":{"@id":"https:\/\/lesanzalf.com\/web\/#website"},"primaryImageOfPage":{"@id":"https:\/\/lesanzalf.com\/web\/entradas\/#primaryimage"},"image":{"@id":"https:\/\/lesanzalf.com\/web\/entradas\/#primaryimage"},"thumbnailUrl":"https:\/\/lesanzalf.com\/web\/wp-content\/uploads\/2025\/06\/ceviche-de-pollo-300x300.png","datePublished":"2025-05-30T08:28:41+00:00","dateModified":"2025-06-03T21:40:22+00:00","breadcrumb":{"@id":"https:\/\/lesanzalf.com\/web\/entradas\/#breadcrumb"},"inLanguage":"es","potentialAction":[{"@type":"ReadAction","target":["https:\/\/lesanzalf.com\/web\/entradas\/"]}]},{"@type":"ImageObject","inLanguage":"es","@id":"https:\/\/lesanzalf.com\/web\/entradas\/#primaryimage","url":"https:\/\/lesanzalf.com\/web\/wp-content\/uploads\/2025\/06\/ceviche-de-pollo.png","contentUrl":"https:\/\/lesanzalf.com\/web\/wp-content\/uploads\/2025\/06\/ceviche-de-pollo.png","width":610,"height":610},{"@type":"BreadcrumbList","@id":"https:\/\/lesanzalf.com\/web\/entradas\/#breadcrumb","itemListElement":[{"@type":"ListItem","position":1,"name":"Portada","item":"https:\/\/lesanzalf.com\/web\/"},{"@type":"ListItem","position":2,"name":"Entradas"}]},{"@type":"WebSite","@id":"https:\/\/lesanzalf.com\/web\/#website","url":"https:\/\/lesanzalf.com\/web\/","name":"Le Sanz Alf - Bar Restaurante","description":"","potentialAction":[{"@type":"SearchAction","target":{"@type":"EntryPoint","urlTemplate":"https:\/\/lesanzalf.com\/web\/?s={search_term_string}"},"query-input":{"@type":"PropertyValueSpecification","valueRequired":true,"valueName":"search_term_string"}}],"inLanguage":"es"}]}},"_links":{"self":[{"href":"https:\/\/lesanzalf.com\/web\/wp-json\/wp\/v2\/pages\/1659","targetHints":{"allow":["GET"]}}],"collection":[{"href":"https:\/\/lesanzalf.com\/web\/wp-json\/wp\/v2\/pages"}],"about":[{"href":"https:\/\/lesanzalf.com\/web\/wp-json\/wp\/v2\/types\/page"}],"author":[{"embeddable":true,"href":"https:\/\/lesanzalf.com\/web\/wp-json\/wp\/v2\/users\/1"}],"replies":[{"embeddable":true,"href":"https:\/\/lesanzalf.com\/web\/wp-json\/wp\/v2\/comments?post=1659"}],"version-history":[{"count":10,"href":"https:\/\/lesanzalf.com\/web\/wp-json\/wp\/v2\/pages\/1659\/revisions"}],"predecessor-version":[{"id":1889,"href":"https:\/\/lesanzalf.com\/web\/wp-json\/wp\/v2\/pages\/1659\/revisions\/1889"}],"wp:attachment":[{"href":"https:\/\/lesanzalf.com\/web\/wp-json\/wp\/v2\/media?parent=1659"}],"curies":[{"name":"wp","href":"https:\/\/api.w.org\/{rel}","templated":true}]}}