{"id":1062,"date":"2025-05-09T14:14:49","date_gmt":"2025-05-09T19:14:49","guid":{"rendered":"https:\/\/lesanzalf.com\/web\/?post_type=product&#038;p=1062"},"modified":"2025-05-09T14:14:49","modified_gmt":"2025-05-09T19:14:49","slug":"mojito","status":"publish","type":"product","link":"https:\/\/lesanzalf.com\/web\/product\/mojito\/","title":{"rendered":"Mojito"},"content":{"rendered":"","protected":false},"excerpt":{"rendered":"<p>Un mojito es una c\u00f3ctel cl\u00e1sico que se origin\u00f3 en Cuba. No es sorprendente que este c\u00f3ctel utilice ingredientes aut\u00f3ctonos de Cuba, como ron, lima, menta y az\u00facar. La mezcla se completa con un poco de gaseosa para crear una libaci\u00f3n que sacie la sed. Requiere un poco m\u00e1s de trabajo que muchas bebidas mixtas, ya que implica mezclar primero menta fresca, lima y az\u00facar para liberar los sabores. Pero vale la pena por un c\u00f3ctel de ron refrescante, gaseoso y ligeramente dulce que sigue siendo uno de los m\u00e1s populares hasta el d\u00eda de hoy.<\/p>\n","protected":false},"featured_media":1065,"comment_status":"closed","ping_status":"closed","template":"","meta":{"_monsterinsights_skip_tracking":false,"_monsterinsights_sitenote_active":false,"_monsterinsights_sitenote_note":"","_monsterinsights_sitenote_category":0,"_joinchat":[]},"product_brand":[],"product_cat":[30],"product_tag":[],"class_list":{"0":"post-1062","1":"product","2":"type-product","3":"status-publish","4":"has-post-thumbnail","6":"product_cat-cocteles","8":"first","9":"instock","10":"shipping-taxable","11":"purchasable","12":"product-type-simple"},"yoast_head":"<!-- This site is optimized with the Yoast SEO plugin v27.0 - https:\/\/yoast.com\/product\/yoast-seo-wordpress\/ -->\n<title>Mojito - Le Sanz Alf - Bar Restaurante<\/title>\n<meta name=\"robots\" content=\"index, follow, max-snippet:-1, max-image-preview:large, max-video-preview:-1\" \/>\n<link rel=\"canonical\" href=\"https:\/\/lesanzalf.com\/web\/product\/mojito\/\" \/>\n<meta property=\"og:locale\" content=\"es_ES\" \/>\n<meta property=\"og:type\" content=\"article\" \/>\n<meta property=\"og:title\" content=\"Mojito - Le Sanz Alf - Bar Restaurante\" \/>\n<meta property=\"og:description\" content=\"Un mojito es una c\u00f3ctel cl\u00e1sico que se origin\u00f3 en Cuba. No es sorprendente que este c\u00f3ctel utilice ingredientes aut\u00f3ctonos de Cuba, como ron, lima, menta y az\u00facar. La mezcla se completa con un poco de gaseosa para crear una libaci\u00f3n que sacie la sed. Requiere un poco m\u00e1s de trabajo que muchas bebidas mixtas, ya que implica mezclar primero menta fresca, lima y az\u00facar para liberar los sabores. Pero vale la pena por un c\u00f3ctel de ron refrescante, gaseoso y ligeramente dulce que sigue siendo uno de los m\u00e1s populares hasta el d\u00eda de hoy.\" \/>\n<meta property=\"og:url\" content=\"https:\/\/lesanzalf.com\/web\/product\/mojito\/\" \/>\n<meta property=\"og:site_name\" content=\"Le Sanz Alf - Bar Restaurante\" \/>\n<meta property=\"og:image\" content=\"https:\/\/lesanzalf.com\/web\/wp-content\/uploads\/2025\/05\/mojito.png\" \/>\n\t<meta property=\"og:image:width\" content=\"610\" \/>\n\t<meta property=\"og:image:height\" content=\"610\" \/>\n\t<meta property=\"og:image:type\" content=\"image\/png\" \/>\n<meta name=\"twitter:card\" content=\"summary_large_image\" \/>\n<meta name=\"twitter:label1\" content=\"Tiempo de lectura\" \/>\n\t<meta name=\"twitter:data1\" content=\"1 minuto\" \/>\n<script type=\"application\/ld+json\" class=\"yoast-schema-graph\">{\"@context\":\"https:\/\/schema.org\",\"@graph\":[{\"@type\":\"WebPage\",\"@id\":\"https:\/\/lesanzalf.com\/web\/product\/mojito\/\",\"url\":\"https:\/\/lesanzalf.com\/web\/product\/mojito\/\",\"name\":\"Mojito - Le Sanz Alf - Bar Restaurante\",\"isPartOf\":{\"@id\":\"https:\/\/lesanzalf.com\/web\/#website\"},\"primaryImageOfPage\":{\"@id\":\"https:\/\/lesanzalf.com\/web\/product\/mojito\/#primaryimage\"},\"image\":{\"@id\":\"https:\/\/lesanzalf.com\/web\/product\/mojito\/#primaryimage\"},\"thumbnailUrl\":\"https:\/\/lesanzalf.com\/web\/wp-content\/uploads\/2025\/05\/mojito.png\",\"datePublished\":\"2025-05-09T19:14:49+00:00\",\"breadcrumb\":{\"@id\":\"https:\/\/lesanzalf.com\/web\/product\/mojito\/#breadcrumb\"},\"inLanguage\":\"es\",\"potentialAction\":[{\"@type\":\"ReadAction\",\"target\":[\"https:\/\/lesanzalf.com\/web\/product\/mojito\/\"]}]},{\"@type\":\"ImageObject\",\"inLanguage\":\"es\",\"@id\":\"https:\/\/lesanzalf.com\/web\/product\/mojito\/#primaryimage\",\"url\":\"https:\/\/lesanzalf.com\/web\/wp-content\/uploads\/2025\/05\/mojito.png\",\"contentUrl\":\"https:\/\/lesanzalf.com\/web\/wp-content\/uploads\/2025\/05\/mojito.png\",\"width\":610,\"height\":610},{\"@type\":\"BreadcrumbList\",\"@id\":\"https:\/\/lesanzalf.com\/web\/product\/mojito\/#breadcrumb\",\"itemListElement\":[{\"@type\":\"ListItem\",\"position\":1,\"name\":\"Portada\",\"item\":\"https:\/\/lesanzalf.com\/web\/\"},{\"@type\":\"ListItem\",\"position\":2,\"name\":\"Shop\",\"item\":\"https:\/\/lesanzalf.com\/web\/shop\/\"},{\"@type\":\"ListItem\",\"position\":3,\"name\":\"Mojito\"}]},{\"@type\":\"WebSite\",\"@id\":\"https:\/\/lesanzalf.com\/web\/#website\",\"url\":\"https:\/\/lesanzalf.com\/web\/\",\"name\":\"Le Sanz Alf - Bar Restaurante\",\"description\":\"\",\"potentialAction\":[{\"@type\":\"SearchAction\",\"target\":{\"@type\":\"EntryPoint\",\"urlTemplate\":\"https:\/\/lesanzalf.com\/web\/?s={search_term_string}\"},\"query-input\":{\"@type\":\"PropertyValueSpecification\",\"valueRequired\":true,\"valueName\":\"search_term_string\"}}],\"inLanguage\":\"es\"}]}<\/script>\n<!-- \/ Yoast SEO plugin. -->","yoast_head_json":{"title":"Mojito - Le Sanz Alf - Bar Restaurante","robots":{"index":"index","follow":"follow","max-snippet":"max-snippet:-1","max-image-preview":"max-image-preview:large","max-video-preview":"max-video-preview:-1"},"canonical":"https:\/\/lesanzalf.com\/web\/product\/mojito\/","og_locale":"es_ES","og_type":"article","og_title":"Mojito - Le Sanz Alf - Bar Restaurante","og_description":"Un mojito es una c\u00f3ctel cl\u00e1sico que se origin\u00f3 en Cuba. No es sorprendente que este c\u00f3ctel utilice ingredientes aut\u00f3ctonos de Cuba, como ron, lima, menta y az\u00facar. La mezcla se completa con un poco de gaseosa para crear una libaci\u00f3n que sacie la sed. Requiere un poco m\u00e1s de trabajo que muchas bebidas mixtas, ya que implica mezclar primero menta fresca, lima y az\u00facar para liberar los sabores. Pero vale la pena por un c\u00f3ctel de ron refrescante, gaseoso y ligeramente dulce que sigue siendo uno de los m\u00e1s populares hasta el d\u00eda de hoy.","og_url":"https:\/\/lesanzalf.com\/web\/product\/mojito\/","og_site_name":"Le Sanz Alf - Bar Restaurante","og_image":[{"width":610,"height":610,"url":"https:\/\/lesanzalf.com\/web\/wp-content\/uploads\/2025\/05\/mojito.png","type":"image\/png"}],"twitter_card":"summary_large_image","twitter_misc":{"Tiempo de lectura":"1 minuto"},"schema":{"@context":"https:\/\/schema.org","@graph":[{"@type":"WebPage","@id":"https:\/\/lesanzalf.com\/web\/product\/mojito\/","url":"https:\/\/lesanzalf.com\/web\/product\/mojito\/","name":"Mojito - Le Sanz Alf - Bar Restaurante","isPartOf":{"@id":"https:\/\/lesanzalf.com\/web\/#website"},"primaryImageOfPage":{"@id":"https:\/\/lesanzalf.com\/web\/product\/mojito\/#primaryimage"},"image":{"@id":"https:\/\/lesanzalf.com\/web\/product\/mojito\/#primaryimage"},"thumbnailUrl":"https:\/\/lesanzalf.com\/web\/wp-content\/uploads\/2025\/05\/mojito.png","datePublished":"2025-05-09T19:14:49+00:00","breadcrumb":{"@id":"https:\/\/lesanzalf.com\/web\/product\/mojito\/#breadcrumb"},"inLanguage":"es","potentialAction":[{"@type":"ReadAction","target":["https:\/\/lesanzalf.com\/web\/product\/mojito\/"]}]},{"@type":"ImageObject","inLanguage":"es","@id":"https:\/\/lesanzalf.com\/web\/product\/mojito\/#primaryimage","url":"https:\/\/lesanzalf.com\/web\/wp-content\/uploads\/2025\/05\/mojito.png","contentUrl":"https:\/\/lesanzalf.com\/web\/wp-content\/uploads\/2025\/05\/mojito.png","width":610,"height":610},{"@type":"BreadcrumbList","@id":"https:\/\/lesanzalf.com\/web\/product\/mojito\/#breadcrumb","itemListElement":[{"@type":"ListItem","position":1,"name":"Portada","item":"https:\/\/lesanzalf.com\/web\/"},{"@type":"ListItem","position":2,"name":"Shop","item":"https:\/\/lesanzalf.com\/web\/shop\/"},{"@type":"ListItem","position":3,"name":"Mojito"}]},{"@type":"WebSite","@id":"https:\/\/lesanzalf.com\/web\/#website","url":"https:\/\/lesanzalf.com\/web\/","name":"Le Sanz Alf - Bar Restaurante","description":"","potentialAction":[{"@type":"SearchAction","target":{"@type":"EntryPoint","urlTemplate":"https:\/\/lesanzalf.com\/web\/?s={search_term_string}"},"query-input":{"@type":"PropertyValueSpecification","valueRequired":true,"valueName":"search_term_string"}}],"inLanguage":"es"}]}},"_links":{"self":[{"href":"https:\/\/lesanzalf.com\/web\/wp-json\/wp\/v2\/product\/1062","targetHints":{"allow":["GET"]}}],"collection":[{"href":"https:\/\/lesanzalf.com\/web\/wp-json\/wp\/v2\/product"}],"about":[{"href":"https:\/\/lesanzalf.com\/web\/wp-json\/wp\/v2\/types\/product"}],"replies":[{"embeddable":true,"href":"https:\/\/lesanzalf.com\/web\/wp-json\/wp\/v2\/comments?post=1062"}],"wp:featuredmedia":[{"embeddable":true,"href":"https:\/\/lesanzalf.com\/web\/wp-json\/wp\/v2\/media\/1065"}],"wp:attachment":[{"href":"https:\/\/lesanzalf.com\/web\/wp-json\/wp\/v2\/media?parent=1062"}],"wp:term":[{"taxonomy":"product_brand","embeddable":true,"href":"https:\/\/lesanzalf.com\/web\/wp-json\/wp\/v2\/product_brand?post=1062"},{"taxonomy":"product_cat","embeddable":true,"href":"https:\/\/lesanzalf.com\/web\/wp-json\/wp\/v2\/product_cat?post=1062"},{"taxonomy":"product_tag","embeddable":true,"href":"https:\/\/lesanzalf.com\/web\/wp-json\/wp\/v2\/product_tag?post=1062"}],"curies":[{"name":"wp","href":"https:\/\/api.w.org\/{rel}","templated":true}]}}